{"id":107,"date":"2025-12-09T18:16:44","date_gmt":"2025-12-09T16:16:44","guid":{"rendered":"https:\/\/yogam-coaching.com\/?page_id=107"},"modified":"2025-12-09T18:16:44","modified_gmt":"2025-12-09T16:16:44","slug":"mentions-legales","status":"publish","type":"page","link":"https:\/\/yogam-coaching.com\/index.php\/mentions-legales\/","title":{"rendered":"Mentions l\u00e9gales"},"content":{"rendered":"\n<h1 class=\"wp-block-heading\"><\/h1>\n\n\n\n<p>Conform\u00e9ment aux dispositions des articles 6-III et 19 de la Loi n\u00b02004-575 du 21 juin 2004 pour la confiance dans l\u2019\u00e9conomie num\u00e9rique, il est pr\u00e9cis\u00e9 aux utilisateurs du site l\u2019identit\u00e9 des diff\u00e9rents intervenants dans le cadre de sa r\u00e9alisation et de son suivi.<\/p>\n\n\n\n<p><\/p>\n\n\n\n<h2 class=\"wp-block-heading\"><strong>1. \u00c9diteur du site<\/strong><\/h2>\n\n\n\n<p><strong>YOGAM Coaching<\/strong><\/p>\n\n\n\n<p>SASU au capital de 1000\u20ac<\/p>\n\n\n\n<p>Si\u00e8ge social : 8 rue Mozat 94200 Ivry-sur-seine<\/p>\n\n\n\n<p>SIRET : 921 809 463 00018<\/p>\n\n\n\n<p>Num\u00e9ro de d\u00e9claration d\u2019activit\u00e9 (organisme de formation) : 11941287994<\/p>\n\n\n\n<p>Repr\u00e9sent\u00e9e par :&nbsp;<strong>Virginie Julien<\/strong><\/p>\n\n\n\n<p>Email : contact@yogam-coaching.com<\/p>\n\n\n\n<p><\/p>\n\n\n\n<h2 class=\"wp-block-heading\"><strong>2. H\u00e9bergeur du site<\/strong><\/h2>\n\n\n\n<p>Site h\u00e9berg\u00e9 par :&nbsp;<strong>OVH<\/strong><\/p>\n\n\n\n<p>SAS au capital de 10 069 020 \u20ac<\/p>\n\n\n\n<p>Si\u00e8ge social : 2 rue Kellermann \u2013 59100 Roubaix \u2013 France<\/p>\n\n\n\n<p>Site web : www.ovh.com<\/p>\n\n\n\n<p><\/p>\n\n\n\n<h2 class=\"wp-block-heading\"><strong>3. Propri\u00e9t\u00e9 intellectuelle<\/strong><\/h2>\n\n\n\n<p>L\u2019ensemble des contenus pr\u00e9sents sur le site (textes, images, graphismes, logos, documents t\u00e9l\u00e9chargeables, supports de formation\u2026) sont la propri\u00e9t\u00e9 exclusive de\u00a0<strong>YOGAM-Coaching<\/strong>, sauf mention contraire.<\/p>\n\n\n\n<p>Toute reproduction, repr\u00e9sentation, modification, publication ou adaptation de tout ou partie des \u00e9l\u00e9ments du site, quel que soit le moyen ou le proc\u00e9d\u00e9 utilis\u00e9, est interdite sans autorisation \u00e9crite pr\u00e9alable.<\/p>\n\n\n\n<p><\/p>\n\n\n\n<h2 class=\"wp-block-heading\"><strong>4. Limitation de responsabilit\u00e9<\/strong><\/h2>\n\n\n\n<p>YOGAM-Coaching met tout en \u0153uvre pour garantir l\u2019exactitude des informations diffus\u00e9es sur le site.<\/p>\n\n\n\n<p>Cependant, l\u2019\u00e9diteur ne peut \u00eatre tenue responsable des omissions, inexactitudes ou carences dans la mise \u00e0 jour.<\/p>\n\n\n\n<p>Le site peut contenir des liens vers d\u2019autres sites : YOGAM Coaching n\u2019assume aucune responsabilit\u00e9 quant au contenu de ces sites externes.<\/p>\n\n\n\n<p><\/p>\n\n\n\n<h2 class=\"wp-block-heading\"><strong>5. Gestion des donn\u00e9es personnelles<\/strong><\/h2>\n\n\n\n<p>La collecte et le traitement des donn\u00e9es personnelles sont conformes \u00e0 la loi Informatique et Libert\u00e9s du 6 janvier 1978 modifi\u00e9e et au RGPD.<\/p>\n\n\n\n<p>Pour plus d\u2019informations, consultez notre&nbsp;<strong>Politique de confidentialit\u00e9 (RGPD)<\/strong>.<\/p>\n\n\n\n<p><\/p>\n\n\n\n<h2 class=\"wp-block-heading\"><strong>6. Contact<\/strong><\/h2>\n\n\n\n<p>Pour toute question, vous pouvez nous \u00e9crire \u00e0 :<\/p>\n\n\n\n<p><strong>contact@yogam-coaching.com<\/strong><\/p>\n","protected":false},"excerpt":{"rendered":"<p>Conform\u00e9ment aux dispositions des articles 6-III et 19 de la Loi n\u00b02004-575 du 21 juin 2004 pour la confiance dans l\u2019\u00e9conomie num\u00e9rique, il est pr\u00e9cis\u00e9 aux utilisateurs du site l\u2019identit\u00e9 des diff\u00e9rents intervenants dans le cadre de sa r\u00e9alisation et de son suivi. 1. \u00c9diteur du site YOGAM Coaching SASU au capital de 1000\u20ac Si\u00e8ge [&hellip;]<\/p>\n","protected":false},"author":1,"featured_media":0,"parent":0,"menu_order":0,"comment_status":"closed","ping_status":"closed","template":"","meta":{"footnotes":""},"class_list":["post-107","page","type-page","status-publish","hentry"],"_links":{"self":[{"href":"https:\/\/yogam-coaching.com\/index.php\/wp-json\/wp\/v2\/pages\/107","targetHints":{"allow":["GET"]}}],"collection":[{"href":"https:\/\/yogam-coaching.com\/index.php\/wp-json\/wp\/v2\/pages"}],"about":[{"href":"https:\/\/yogam-coaching.com\/index.php\/wp-json\/wp\/v2\/types\/page"}],"author":[{"embeddable":true,"href":"https:\/\/yogam-coaching.com\/index.php\/wp-json\/wp\/v2\/users\/1"}],"replies":[{"embeddable":true,"href":"https:\/\/yogam-coaching.com\/index.php\/wp-json\/wp\/v2\/comments?post=107"}],"version-history":[{"count":1,"href":"https:\/\/yogam-coaching.com\/index.php\/wp-json\/wp\/v2\/pages\/107\/revisions"}],"predecessor-version":[{"id":108,"href":"https:\/\/yogam-coaching.com\/index.php\/wp-json\/wp\/v2\/pages\/107\/revisions\/108"}],"wp:attachment":[{"href":"https:\/\/yogam-coaching.com\/index.php\/wp-json\/wp\/v2\/media?parent=107"}],"curies":[{"name":"wp","href":"https:\/\/api.w.org\/{rel}","templated":true}]}}